{"id":605,"date":"2012-12-19T19:55:05","date_gmt":"2012-12-19T19:55:05","guid":{"rendered":"https:\/\/lasantasurfprocenter.com\/?page_id=605"},"modified":"2022-09-17T19:18:04","modified_gmt":"2022-09-17T18:18:04","slug":"condiciones-generales","status":"publish","type":"page","link":"https:\/\/lasantasurfprocenter.com\/en\/condiciones-generales\/","title":{"rendered":"Condiciones generales"},"content":{"rendered":"<p><\/p>\n<h4>Pagos<\/h4>\n<p style=\"text-align: justify;\">Para realizar la inscripci\u00f3n y confirmar tu actividad con La Santa Surf Procenter con CIF 78544956-W. har\u00e1 un cargo de 10% antes de la llegada como conformidad de la reserva. El pago se har\u00e1 mediante la pasarela segura de PayPal donde el usuario podr\u00e1 pagar con su cuenta de PayPal o tarjeta d\u00e9bito\/cr\u00e9dito si no dispone de cuenta asociada a PayPal<\/p>\n<h4>Condiciones<\/h4>\n<p style=\"text-align: justify;\">El registro de los datos personales de cada participante es obligatorio. La edad m\u00ednima de los participantes es 16 a\u00f1os cumplidos (excepciones bajo consulta previa). La Santa Surf Procenter\u2026 se reserva el derecho de realizar cambios, siempre y cuando no se alteren los servicios esenciales ofertados, debido a situaciones imprevistas o ajenas a la empresa.<\/p>\n<p style=\"text-align: justify;\">El cambio en una reserva s\u00f3lo se har\u00e1 efectivo bajo disponibilidad, sin recargo y siempre confirmado por La Santa Surf Procenter<\/p>\n<p style=\"text-align: justify;\">No habr\u00e1 de voluci\u00f3n del importe reservado. Tiene hasta 2 a\u00f1os para programar otra fecha.<\/p>\n<p style=\"text-align: justify;\">Permiso para la utilizaci\u00f3n de im\u00e1genes tomadas durante la participaci\u00f3n en las lecciones impartidas por La Santa Surf Procenter con fines promocionales o publicitarios de la empresa: p\u00e1gina web, folletos, flyers, cat\u00e1logos, etc.<\/p>\n<p style=\"text-align: justify;\">Se requiere el buen estado f\u00edsico, ser capaz de nadar y no presentar inconvenientes f\u00edsicos aparentes para la realizaci\u00f3n de las clases de surf. Asimismo, rogamos nos comuniquen cualquier aspecto m\u00e9dico a tener en cuenta: alergias, antecedentes m\u00e9dicos importantes, etc.<\/p>\n<p style=\"text-align: justify;\">El servicio de transfer ofrecido por La Santa Surf Procenter se realizar\u00e1 en todos los cursos 1 hora antes de la actividad.<\/p>\n<p style=\"text-align: justify;\">El servicio de transfer se realizar\u00e1 bajo disponibilidad, por lo que te recomendamos que nos lo hagas saber en el momento realizar la reserva o con la mayor brevedad posible para reservarte plaza.<\/p>\n<p style=\"text-align: justify;\">El cliente debe hacerse responsable del cuidado del material de La Santa Surf Procenter durante su uso, y aceptar la responsabilidad de sustituirlo en caso de p\u00e9rdida o da\u00f1o grave producido por el cliente. El material da\u00f1ado o perdido ser\u00e1 pagado por el cliente, por lo que dicho material formar\u00e1 parte de sus pertenencias.<\/p>\n<p style=\"text-align: justify;\">Se requerir\u00e1 una fianza de 25 \u20ac en met\u00e1lico por persona el d\u00eda de llegada a La escuela de surf, para garantizar un trato adecuado del material durante tu estancia con nosotros, y as\u00ed asegurar las buenas condiciones de las mismas para los siguientes usuarios. Esta fianza se reembolsar\u00e1 el d\u00eda de salida si no existen desperfectos en el mateiral.<\/p>\n<p style=\"text-align: justify;\">Las excursiones u otras salidas organizadas por La Santa Surf Procenter que figuran en nuestra publicidad, se encuentran supeditadas a un n\u00famero m\u00ednimo de inscripciones y a compatibilidad de fechas. Por lo que es posible la cancelaci\u00f3n o no realizaci\u00f3n de las mismas por alguno de estos motivos.<\/p>\n<p style=\"text-align: justify;\">Todos los participantes menores de edad deber\u00e1n obedecer y atender a las recomendaciones del personal del La Santa Surf Procenter, y cumplir por regla general las normas establecidas por la Uni\u00f3n Europea. El incumplimiento deliberado de las mismas o una conducta grave resultar\u00e1, en advertencia y puesta en conocimiento a los participantes o a sus padres o tutores (en el caso de los menores de edad); y\/o en expulsi\u00f3n del surfcamp. En este caso, no habr\u00e1 reembolso ni responsabilidad por nuestra parte de gastos adicionales.<\/p>\n<p style=\"text-align: justify;\">Cuando los participantes sean menores de edad, haremos llegar a sus padres o tutores documentaci\u00f3n y autorizaciones que se requerir\u00e1n firmadas por los mismos, y necesarias para aceptar a los menores como participantes. La Santa Surf Procenter s\u00f3lo atender\u00e1 a responsabilidades durante el transcurso de las clases de surf .<\/p>\n<h4>Cancelaciones<\/h4>\n<p style=\"text-align: justify;\">La cancelaci\u00f3n ser\u00e1 v\u00e1lida el d\u00eda de su recepci\u00f3n. Por razones administrativas, en ning\u00fan caso hay devoluci\u00f3n del importe total pagado.<br \/>\n<strong>SE PODR\u00c1 CAMBIAR LA FECHA EN LOS PROXIMOS 2 A\u00d1OS UNA VEZ RECIBIDA LA RESERVA A PARTIR DE LA MISMA.<\/strong><\/p>\n<h4>Responsabilidades<\/h4>\n<p style=\"text-align: justify;\">La Santa Surf Procenter no aceptar\u00e1 responsabilidades ni devoluciones:<\/p>\n<p style=\"text-align: justify;\">Cuando el cliente sea el culpable del defecto en la prestaci\u00f3n del servicio.<br \/>\nCuando los defectos en la prestaci\u00f3n del servicio sean imputables a un tercero, ajeno a La Santa Surf Procenter, y se produzcan de forma imprevista.<br \/>\nCuando los defectos en la prestaci\u00f3n del servicio se deben a motivos de fuerza mayor o circunstancias ajenas a la voluntad de la empresa. Son hechos anormales e imprevisibles de consecuencias inevitables, por ejemplo, cat\u00e1strofes naturales o aspectos metereol\u00f3gicos.<br \/>\nCuando los defectos en la prestaci\u00f3n del servicio se deben a un acontecimiento que La Santa Surf Procenter, a pesar de haber puesto toda la diligencia necesaria ni ha podido prever ni evitar.<br \/>\nCuando los acontecimientos ocurran fuera del surfcamp, durante los viajes hasta el mismo, fuera del horario de las clases o sin la supervisi\u00f3n de nuestro personal.<br \/>\nCada cliente debe seguir las instrucciones y normas de nuestro personal. En el caso de no hacerlo realizando comportamientos irresponsables, La Santa Surf Procenter no aceptar\u00e1 la responsabilidad y podr\u00e1 tomar las medidas oportunas, tales como la expulsi\u00f3n del grupo, la no asistencia a las clases, previa advertencia, y sin devoluci\u00f3n del pago.<\/p>\n<h4 id=\"proteccion\">Ley de Protecci\u00f3n de datos<\/h4>\n<p style=\"text-align: justify;\">De conformidad con lo dispuesto por la Ley Org\u00e1nica 15\/1999, de 13 de diciembre, de Protecci\u00f3n de Datos de car\u00e1cter personal (LOPD) y el Real Decreto 1720\/2007, de 21 de diciembre, por el que se aprueba el Reglamento de desarrollo de la LOPD, le informamos que sus datos de car\u00e1cter personal facilitados voluntariamente ser\u00e1n incorporados a un fichero responsabilidad de Sr.Jose acaymo gorrin perez Nif :78544956-W (La Santa Surf Procenter)\u00a0siendo tratados con la finalidad de gestionar la informaci\u00f3n de car\u00e1cter comercial y el env\u00edo de comunicaciones solicitada por el cliente.<\/p>\n<p style=\"text-align: justify;\">Asimismo, le informamos que podr\u00e1 ejercitar los derechos de acceso, rectificaci\u00f3n, cancelaci\u00f3n y oposici\u00f3n, mediante escrito, acompa\u00f1ado de copia de documento oficial que le identifique, dirigido a\u00a0Jose Acaymo Gorrin Perez con NIF:78544956W (La Santa Surf Procenter) en la Avenida del marinero n\u00ba 55 bajo, 35560 Caleta de Famara (LANZAROTE); o bien remitiendo un mensaje a la direcci\u00f3n de correo info@LaSantaSurfProcenter.com<\/p>\n<h4>Seguro<\/h4>\n<p>Para la asistencia m\u00e9dica durante la estancia en La Santa Surf Procenter, recomendamos a cada cliente:<\/p>\n<p>Venir provisto de tarjeta de seguro m\u00e9dico.<br \/>\nContratar un seguro de viajes: asistencia m\u00e9dica o seguro de accidentes.<\/p>\n<p>Lugar de Jurisdicci\u00f3n: Arrecife.<\/p>\n<p>Los anteriores t\u00e9rminos y condiciones se suponen aceptados al realizar el abono del importe del curso de Surf o Surf Camp.<\/p>","protected":false},"excerpt":{"rendered":"<p>Pagos Para realizar la inscripci\u00f3n y confirmar tu actividad con La Santa Surf Procenter con [&hellip;]<\/p>\n","protected":false},"author":1,"featured_media":0,"parent":0,"menu_order":0,"comment_status":"open","ping_status":"closed","template":"page-full.php","meta":{"footnotes":""},"class_list":["post-605","page","type-page","status-publish","hentry"],"_links":{"self":[{"href":"https:\/\/lasantasurfprocenter.com\/en\/wp-json\/wp\/v2\/pages\/605","targetHints":{"allow":["GET"]}}],"collection":[{"href":"https:\/\/lasantasurfprocenter.com\/en\/wp-json\/wp\/v2\/pages"}],"about":[{"href":"https:\/\/lasantasurfprocenter.com\/en\/wp-json\/wp\/v2\/types\/page"}],"author":[{"embeddable":true,"href":"https:\/\/lasantasurfprocenter.com\/en\/wp-json\/wp\/v2\/users\/1"}],"replies":[{"embeddable":true,"href":"https:\/\/lasantasurfprocenter.com\/en\/wp-json\/wp\/v2\/comments?post=605"}],"version-history":[{"count":3,"href":"https:\/\/lasantasurfprocenter.com\/en\/wp-json\/wp\/v2\/pages\/605\/revisions"}],"predecessor-version":[{"id":8615,"href":"https:\/\/lasantasurfprocenter.com\/en\/wp-json\/wp\/v2\/pages\/605\/revisions\/8615"}],"wp:attachment":[{"href":"https:\/\/lasantasurfprocenter.com\/en\/wp-json\/wp\/v2\/media?parent=605"}],"curies":[{"name":"wp","href":"https:\/\/api.w.org\/{rel}","templated":true}]}}